{"id":800,"date":"2023-09-06T09:24:14","date_gmt":"2023-09-06T09:24:14","guid":{"rendered":"https:\/\/bodegasdanielpuras.es\/accessibility\/"},"modified":"2025-01-14T10:48:05","modified_gmt":"2025-01-14T10:48:05","slug":"accessibility","status":"publish","type":"page","link":"https:\/\/bodegasdanielpuras.es\/en\/accessibility\/","title":{"rendered":"Accessibility"},"content":{"rendered":"\t\t<div data-elementor-type=\"wp-page\" data-elementor-id=\"800\" class=\"elementor elementor-800 elementor-370\" data-elementor-post-type=\"page\">\n\t\t\t\t\t\t<section class=\"elementor-section elementor-top-section elementor-element elementor-element-343bdcd9 elementor-section-boxed elementor-section-height-default elementor-section-height-default\" data-id=\"343bdcd9\" data-element_type=\"section\">\n\t\t\t\t\t\t<div class=\"elementor-container elementor-column-gap-default\">\n\t\t\t\t\t<div class=\"elementor-column elementor-col-100 elementor-top-column elementor-element elementor-element-62416899\" data-id=\"62416899\" data-element_type=\"column\">\n\t\t\t<div class=\"elementor-widget-wrap elementor-element-populated\">\n\t\t\t\t\t\t<div class=\"elementor-element elementor-element-580b4d8e avisos elementor-widget elementor-widget-text-editor\" data-id=\"580b4d8e\" data-element_type=\"widget\" data-widget_type=\"text-editor.default\">\n\t\t\t\t<div class=\"elementor-widget-container\">\n\t\t\t\t\t\t\t<h1>Accessibility<\/h1>\n<\/p>\n<h2>Accessibility statement<\/h2>\n<p>https:\/\/bodegasdanielpuras.es\/ is committed to making this website accessible in accordance with Royal Decree 1112\/2018, of September 7, on accessibility of public sector websites and applications for mobile devices.<\/p>\n<p>This accessibility statement applies to the https:\/\/bodegasdanielpuras.es\/ website.<\/p>\n<p>This declaration of conformity applies to all pages located within the domain https:\/\/bodegasdanielpuras.es\/, excluding pages to which external links and embedded content from other domains take us.<\/p>\n<h2>Compliance status<\/h2>\n<p>This website is partially accessible in compliance with RD 1112\/2018 due to the exceptions and non-compliance of the aspects listed below.<\/p>\n<p>The website is optimized for the most used browsers and has been designed following the Responsive Web Design requirements, in order to be optimally displayed on tablet and mobile devices.<\/p>\n<h2>Content not accessible<\/h2>\n<p>The content below is not accessible because of the following:<\/p>\n<ul>\n<li>There may be occasional editing errors on some web pages.<\/li>\n<li>There could be office automation files in PDF or other formats published before September 20, 2018 that do not fully comply with all accessibility requirements.<\/li>\n<li>There is audiovisual content that does not include audio description or alternative media [Requisito n\u00famero 1.2.3 Audiodescripci\u00f3n o medio alternativo] and recorded audio description [Requisito 1.2.5 Audiodescripci\u00f3n (Grabado)].<\/li>\n<li>There may be occasional code editing errors in some web pages.  [4 .1.1 Procesamiento]<\/li>\n<li>There may be some user interface components that are not labeled correctly. [4.1.2 Name, function, value]. <\/li>\n<\/ul>\n<h2>Preparation of this accessibility statement<\/h2>\n<p>This statement was prepared on February 10, 2023.<\/p>\n<p>The method used to prepare the statement was a self-assessment carried out by the developer.<\/p>\n<h2>Remarks and contact information<\/h2>\n<p>You can make communications on accessibility requirements (article 10.2.a of RD 1112\/2018) such as:<\/p>\n<ul>\n<li>Report any possible non-compliance by this website.<\/li>\n<li>Convey other difficulties in accessing the content.<\/li>\n<li>Ask any other questions or suggestions for improvement regarding the accessibility of the website.<\/li>\n<li>Through the contact form on this website.<\/li>\n<\/ul>\n<p>You can submit:<\/p>\n<ul>\n<li>Complaint regarding compliance with the requirements of RD 1112\/2018 o<\/li>\n<li>Request for Accessible Information related to:\n<ul>\n<li>Contents that are excluded from the scope of application of RD 1112\/2018 as established by Article 3, paragraph 4.<\/li>\n<li>Content that is exempt from compliance with accessibility requirements because it imposes a disproportionate burden.<\/li>\n<\/ul>\n<\/li>\n<\/ul>\n<p>In the Request for Accessible Information, the facts, reasons and request must be clearly stated to show that it is a reasonable and legitimate request.<\/p>\n<h2>Optional Content<\/h2>\n<p>This portal is designed to be able to change the text size and color, as well as the background of the page using standard browser settings.<\/p>\n<p>If you want to change the font size of the text in the main graphic browsers use the following menus:<\/p>\n<ul>\n<li>Internet Explorer, Mozilla and Firefox: See &gt; Text size<\/li>\n<li>Opera: See &gt; Zoom<\/li>\n<li>Safari: See &gt; Make text bigger<\/li>\n<li>Chrome: Control the current page &gt; Text size<\/li>\n<\/ul>\n<p>To modify the size of everything on the page:<\/p>\n<ul>\n<li>Ctrl + + to zoom in<\/li>\n<li>Ctrl + &#8211; to decrease<\/li>\n<li>Ctrl + 0 restores original text size<\/li>\n<li>If you want to override the style sheet or change the color of the text, you can consult the WAI&#8217;s How to Change Text Size or Colors page, which can be read in Spanish at \u00bfC\u00f3mo cambiar el tama\u00f1o del texto o colores?<\/li>\n<\/ul>\n\t\t\t\t\t\t<\/div>\n\t\t\t\t<\/div>\n\t\t\t\t\t<\/div>\n\t\t<\/div>\n\t\t\t\t\t<\/div>\n\t\t<\/section>\n\t\t\t\t<\/div>\n\t\t","protected":false},"excerpt":{"rendered":"<p>Accessibility Accessibility statement https:\/\/bodegasdanielpuras.es\/ is committed to making this website accessible in accordance with Royal Decree 1112\/2018, of September 7, on accessibility of public sector websites and applications for mobile devices. This accessibility statement applies to the https:\/\/bodegasdanielpuras.es\/ website. This declaration of conformity applies to all pages located within the domain https:\/\/bodegasdanielpuras.es\/, excluding pages to [&hellip;]<\/p>\n","protected":false},"author":1,"featured_media":0,"parent":0,"menu_order":0,"comment_status":"closed","ping_status":"closed","template":"elementor_header_footer","meta":{"site-sidebar-layout":"no-sidebar","site-content-layout":"page-builder","ast-site-content-layout":"","site-content-style":"default","site-sidebar-style":"default","ast-global-header-display":"","ast-banner-title-visibility":"","ast-main-header-display":"","ast-hfb-above-header-display":"","ast-hfb-below-header-display":"","ast-hfb-mobile-header-display":"","site-post-title":"disabled","ast-breadcrumbs-content":"","ast-featured-img":"disabled","footer-sml-layout":"","theme-transparent-header-meta":"default","adv-header-id-meta":"","stick-header-meta":"default","header-above-stick-meta":"","header-main-stick-meta":"","header-below-stick-meta":"","astra-migrate-meta-layouts":"default","ast-page-background-enabled":"default","ast-page-background-meta":{"desktop":{"background-color":"var(--ast-global-color-4)","background-image":"","background-repeat":"repeat","background-position":"center center","background-size":"auto","background-attachment":"scroll","background-type":"","background-media":"","overlay-type":"","overlay-color":"","overlay-opacity":"","overlay-gradient":""},"tablet":{"background-color":"","background-image":"","background-repeat":"repeat","background-position":"center center","background-size":"auto","background-attachment":"scroll","background-type":"","background-media":"","overlay-type":"","overlay-color":"","overlay-opacity":"","overlay-gradient":""},"mobile":{"background-color":"","background-image":"","background-repeat":"repeat","background-position":"center center","background-size":"auto","background-attachment":"scroll","background-type":"","background-media":"","overlay-type":"","overlay-color":"","overlay-opacity":"","overlay-gradient":""}},"ast-content-background-meta":{"desktop":{"background-color":"var(--ast-global-color-5)","background-image":"","background-repeat":"repeat","background-position":"center center","background-size":"auto","background-attachment":"scroll","background-type":"","background-media":"","overlay-type":"","overlay-color":"","overlay-opacity":"","overlay-gradient":""},"tablet":{"background-color":"var(--ast-global-color-5)","background-image":"","background-repeat":"repeat","background-position":"center center","background-size":"auto","background-attachment":"scroll","background-type":"","background-media":"","overlay-type":"","overlay-color":"","overlay-opacity":"","overlay-gradient":""},"mobile":{"background-color":"var(--ast-global-color-5)","background-image":"","background-repeat":"repeat","background-position":"center center","background-size":"auto","background-attachment":"scroll","background-type":"","background-media":"","overlay-type":"","overlay-color":"","overlay-opacity":"","overlay-gradient":""}},"footnotes":""},"class_list":["post-800","page","type-page","status-publish","hentry"],"yoast_head":"<!-- This site is optimized with the Yoast SEO plugin v23.7 - https:\/\/yoast.com\/wordpress\/plugins\/seo\/ -->\n<title>Accessibility | Bodegas Daniel Puras<\/title>\n<meta name=\"robots\" content=\"noindex, nofollow\" \/>\n<meta property=\"og:locale\" content=\"en_US\" \/>\n<meta property=\"og:type\" content=\"article\" \/>\n<meta property=\"og:title\" content=\"Accessibility | Bodegas Daniel Puras\" \/>\n<meta property=\"og:description\" content=\"Accessibility Accessibility statement https:\/\/bodegasdanielpuras.es\/ is committed to making this website accessible in accordance with Royal Decree 1112\/2018, of September 7, on accessibility of public sector websites and applications for mobile devices. This accessibility statement applies to the https:\/\/bodegasdanielpuras.es\/ website. This declaration of conformity applies to all pages located within the domain https:\/\/bodegasdanielpuras.es\/, excluding pages to [&hellip;]\" \/>\n<meta property=\"og:url\" content=\"https:\/\/bodegasdanielpuras.es\/en\/accessibility\/\" \/>\n<meta property=\"og:site_name\" content=\"Bodegas Daniel Puras\" \/>\n<meta property=\"article:publisher\" content=\"https:\/\/www.facebook.com\/bodegasdanielpuras\/\" \/>\n<meta property=\"article:modified_time\" content=\"2025-01-14T10:48:05+00:00\" \/>\n<meta property=\"og:image\" content=\"https:\/\/bodegasdanielpuras.es\/wp-content\/uploads\/2023\/09\/bodega-daniel-puras-icno.jpg\" \/>\n\t<meta property=\"og:image:width\" content=\"512\" \/>\n\t<meta property=\"og:image:height\" content=\"512\" \/>\n\t<meta property=\"og:image:type\" content=\"image\/jpeg\" \/>\n<meta name=\"twitter:card\" content=\"summary_large_image\" \/>\n<meta name=\"twitter:label1\" content=\"Est. reading time\" \/>\n\t<meta name=\"twitter:data1\" content=\"3 minutes\" \/>\n<script type=\"application\/ld+json\" class=\"yoast-schema-graph\">{\"@context\":\"https:\/\/schema.org\",\"@graph\":[{\"@type\":\"WebPage\",\"@id\":\"https:\/\/bodegasdanielpuras.es\/en\/accessibility\/\",\"url\":\"https:\/\/bodegasdanielpuras.es\/en\/accessibility\/\",\"name\":\"Accessibility | Bodegas Daniel Puras\",\"isPartOf\":{\"@id\":\"https:\/\/bodegasdanielpuras.es\/en\/#website\"},\"datePublished\":\"2023-09-06T09:24:14+00:00\",\"dateModified\":\"2025-01-14T10:48:05+00:00\",\"breadcrumb\":{\"@id\":\"https:\/\/bodegasdanielpuras.es\/en\/accessibility\/#breadcrumb\"},\"inLanguage\":\"en-US\",\"potentialAction\":[{\"@type\":\"ReadAction\",\"target\":[\"https:\/\/bodegasdanielpuras.es\/en\/accessibility\/\"]}]},{\"@type\":\"BreadcrumbList\",\"@id\":\"https:\/\/bodegasdanielpuras.es\/en\/accessibility\/#breadcrumb\",\"itemListElement\":[{\"@type\":\"ListItem\",\"position\":1,\"name\":\"Bodega Rioja Alta\",\"item\":\"https:\/\/bodegasdanielpuras.es\/en\/home\/\"},{\"@type\":\"ListItem\",\"position\":2,\"name\":\"Accessibility\"}]},{\"@type\":\"WebSite\",\"@id\":\"https:\/\/bodegasdanielpuras.es\/en\/#website\",\"url\":\"https:\/\/bodegasdanielpuras.es\/en\/\",\"name\":\"Bodegas de Rioja | Bodegas Daniel Puras\",\"description\":\"Bodegas Daniel Puras, Bodega de Rioja Alta ubicada en Briones (La Rioja)\",\"publisher\":{\"@id\":\"https:\/\/bodegasdanielpuras.es\/en\/#organization\"},\"alternateName\":\"Bodegas Daniel Puras\",\"potentialAction\":[{\"@type\":\"SearchAction\",\"target\":{\"@type\":\"EntryPoint\",\"urlTemplate\":\"https:\/\/bodegasdanielpuras.es\/en\/?s={search_term_string}\"},\"query-input\":{\"@type\":\"PropertyValueSpecification\",\"valueRequired\":true,\"valueName\":\"search_term_string\"}}],\"inLanguage\":\"en-US\"},{\"@type\":\"Organization\",\"@id\":\"https:\/\/bodegasdanielpuras.es\/en\/#organization\",\"name\":\"Bodegas de Rioja | Bodegas Daniel Puras\",\"alternateName\":\"Bodegas Daniel Puras\",\"url\":\"https:\/\/bodegasdanielpuras.es\/en\/\",\"logo\":{\"@type\":\"ImageObject\",\"inLanguage\":\"en-US\",\"@id\":\"https:\/\/bodegasdanielpuras.es\/en\/#\/schema\/logo\/image\/\",\"url\":\"https:\/\/bodegasdanielpuras.es\/wp-content\/uploads\/2023\/09\/bodega-daniel-puras-icno.jpg\",\"contentUrl\":\"https:\/\/bodegasdanielpuras.es\/wp-content\/uploads\/2023\/09\/bodega-daniel-puras-icno.jpg\",\"width\":512,\"height\":512,\"caption\":\"Bodegas de Rioja | Bodegas Daniel Puras\"},\"image\":{\"@id\":\"https:\/\/bodegasdanielpuras.es\/en\/#\/schema\/logo\/image\/\"},\"sameAs\":[\"https:\/\/www.facebook.com\/bodegasdanielpuras\/\"]}]}<\/script>\n<!-- \/ Yoast SEO plugin. -->","yoast_head_json":{"title":"Accessibility | Bodegas Daniel Puras","robots":{"index":"noindex","follow":"nofollow"},"og_locale":"en_US","og_type":"article","og_title":"Accessibility | Bodegas Daniel Puras","og_description":"Accessibility Accessibility statement https:\/\/bodegasdanielpuras.es\/ is committed to making this website accessible in accordance with Royal Decree 1112\/2018, of September 7, on accessibility of public sector websites and applications for mobile devices. This accessibility statement applies to the https:\/\/bodegasdanielpuras.es\/ website. This declaration of conformity applies to all pages located within the domain https:\/\/bodegasdanielpuras.es\/, excluding pages to [&hellip;]","og_url":"https:\/\/bodegasdanielpuras.es\/en\/accessibility\/","og_site_name":"Bodegas Daniel Puras","article_publisher":"https:\/\/www.facebook.com\/bodegasdanielpuras\/","article_modified_time":"2025-01-14T10:48:05+00:00","og_image":[{"width":512,"height":512,"url":"https:\/\/bodegasdanielpuras.es\/wp-content\/uploads\/2023\/09\/bodega-daniel-puras-icno.jpg","type":"image\/jpeg"}],"twitter_card":"summary_large_image","twitter_misc":{"Est. reading time":"3 minutes"},"schema":{"@context":"https:\/\/schema.org","@graph":[{"@type":"WebPage","@id":"https:\/\/bodegasdanielpuras.es\/en\/accessibility\/","url":"https:\/\/bodegasdanielpuras.es\/en\/accessibility\/","name":"Accessibility | Bodegas Daniel Puras","isPartOf":{"@id":"https:\/\/bodegasdanielpuras.es\/en\/#website"},"datePublished":"2023-09-06T09:24:14+00:00","dateModified":"2025-01-14T10:48:05+00:00","breadcrumb":{"@id":"https:\/\/bodegasdanielpuras.es\/en\/accessibility\/#breadcrumb"},"inLanguage":"en-US","potentialAction":[{"@type":"ReadAction","target":["https:\/\/bodegasdanielpuras.es\/en\/accessibility\/"]}]},{"@type":"BreadcrumbList","@id":"https:\/\/bodegasdanielpuras.es\/en\/accessibility\/#breadcrumb","itemListElement":[{"@type":"ListItem","position":1,"name":"Bodega Rioja Alta","item":"https:\/\/bodegasdanielpuras.es\/en\/home\/"},{"@type":"ListItem","position":2,"name":"Accessibility"}]},{"@type":"WebSite","@id":"https:\/\/bodegasdanielpuras.es\/en\/#website","url":"https:\/\/bodegasdanielpuras.es\/en\/","name":"Bodegas de Rioja | Bodegas Daniel Puras","description":"Bodegas Daniel Puras, Bodega de Rioja Alta ubicada en Briones (La Rioja)","publisher":{"@id":"https:\/\/bodegasdanielpuras.es\/en\/#organization"},"alternateName":"Bodegas Daniel Puras","potentialAction":[{"@type":"SearchAction","target":{"@type":"EntryPoint","urlTemplate":"https:\/\/bodegasdanielpuras.es\/en\/?s={search_term_string}"},"query-input":{"@type":"PropertyValueSpecification","valueRequired":true,"valueName":"search_term_string"}}],"inLanguage":"en-US"},{"@type":"Organization","@id":"https:\/\/bodegasdanielpuras.es\/en\/#organization","name":"Bodegas de Rioja | Bodegas Daniel Puras","alternateName":"Bodegas Daniel Puras","url":"https:\/\/bodegasdanielpuras.es\/en\/","logo":{"@type":"ImageObject","inLanguage":"en-US","@id":"https:\/\/bodegasdanielpuras.es\/en\/#\/schema\/logo\/image\/","url":"https:\/\/bodegasdanielpuras.es\/wp-content\/uploads\/2023\/09\/bodega-daniel-puras-icno.jpg","contentUrl":"https:\/\/bodegasdanielpuras.es\/wp-content\/uploads\/2023\/09\/bodega-daniel-puras-icno.jpg","width":512,"height":512,"caption":"Bodegas de Rioja | Bodegas Daniel Puras"},"image":{"@id":"https:\/\/bodegasdanielpuras.es\/en\/#\/schema\/logo\/image\/"},"sameAs":["https:\/\/www.facebook.com\/bodegasdanielpuras\/"]}]}},"_links":{"self":[{"href":"https:\/\/bodegasdanielpuras.es\/en\/wp-json\/wp\/v2\/pages\/800"}],"collection":[{"href":"https:\/\/bodegasdanielpuras.es\/en\/wp-json\/wp\/v2\/pages"}],"about":[{"href":"https:\/\/bodegasdanielpuras.es\/en\/wp-json\/wp\/v2\/types\/page"}],"author":[{"embeddable":true,"href":"https:\/\/bodegasdanielpuras.es\/en\/wp-json\/wp\/v2\/users\/1"}],"replies":[{"embeddable":true,"href":"https:\/\/bodegasdanielpuras.es\/en\/wp-json\/wp\/v2\/comments?post=800"}],"version-history":[{"count":1,"href":"https:\/\/bodegasdanielpuras.es\/en\/wp-json\/wp\/v2\/pages\/800\/revisions"}],"predecessor-version":[{"id":801,"href":"https:\/\/bodegasdanielpuras.es\/en\/wp-json\/wp\/v2\/pages\/800\/revisions\/801"}],"wp:attachment":[{"href":"https:\/\/bodegasdanielpuras.es\/en\/wp-json\/wp\/v2\/media?parent=800"}],"curies":[{"name":"wp","href":"https:\/\/api.w.org\/{rel}","templated":true}]}}